{"id":610,"date":"2023-10-15T12:35:35","date_gmt":"2023-10-15T10:35:35","guid":{"rendered":"https:\/\/planetvrac.com\/?product=cereales-fourrees-chocolat-bio"},"modified":"2023-10-15T12:35:35","modified_gmt":"2023-10-15T10:35:35","slug":"cereales-fourrees-chocolat-bio","status":"publish","type":"product","link":"https:\/\/planetvrac.com\/?product=cereales-fourrees-chocolat-bio","title":{"rendered":"C\u00e9r\u00e9ales fourr\u00e9es chocolat BIO"},"content":{"rendered":"","protected":false},"excerpt":{"rendered":"","protected":false},"featured_media":234,"template":"","meta":[],"product_brand":[],"product_cat":[23],"product_tag":[],"class_list":{"0":"post-610","1":"product","2":"type-product","3":"status-publish","4":"has-post-thumbnail","6":"product_cat-epicerie-sucree","8":"first","9":"instock","10":"shipping-taxable","11":"product-type-simple"},"_links":{"self":[{"href":"https:\/\/planetvrac.com\/index.php?rest_route=\/wp\/v2\/product\/610","targetHints":{"allow":["GET"]}}],"collection":[{"href":"https:\/\/planetvrac.com\/index.php?rest_route=\/wp\/v2\/product"}],"about":[{"href":"https:\/\/planetvrac.com\/index.php?rest_route=\/wp\/v2\/types\/product"}],"wp:featuredmedia":[{"embeddable":true,"href":"https:\/\/planetvrac.com\/index.php?rest_route=\/wp\/v2\/media\/234"}],"wp:attachment":[{"href":"https:\/\/planetvrac.com\/index.php?rest_route=%2Fwp%2Fv2%2Fmedia&parent=610"}],"wp:term":[{"taxonomy":"product_brand","embeddable":true,"href":"https:\/\/planetvrac.com\/index.php?rest_route=%2Fwp%2Fv2%2Fproduct_brand&post=610"},{"taxonomy":"product_cat","embeddable":true,"href":"https:\/\/planetvrac.com\/index.php?rest_route=%2Fwp%2Fv2%2Fproduct_cat&post=610"},{"taxonomy":"product_tag","embeddable":true,"href":"https:\/\/planetvrac.com\/index.php?rest_route=%2Fwp%2Fv2%2Fproduct_tag&post=610"}],"curies":[{"name":"wp","href":"https:\/\/api.w.org\/{rel}","templated":true}]}}